{"id":1044,"date":"2023-10-04T11:16:49","date_gmt":"2023-10-04T09:16:49","guid":{"rendered":"https:\/\/www.ste-tun-microbio.com\/?page_id=1044"},"modified":"2024-07-26T14:50:09","modified_gmt":"2024-07-26T12:50:09","slug":"instructions-aux-auteurs","status":"publish","type":"page","link":"https:\/\/www.ste-tun-microbio.com\/index.php\/instructions-aux-auteurs\/","title":{"rendered":"Instructions aux auteurs"},"content":{"rendered":"\n<p>Quelque soit le type de communication (orale ou affich\u00e9e), vous \u00eates invit\u00e9s \u00e0 soumettre un r\u00e9sum\u00e9 <strong>en anglais<\/strong>,. Le r\u00e9sum\u00e9 <strong>ne doit pas d\u00e9passer 250 mots<\/strong> et doit \u00eatre pr\u00e9sent\u00e9 comme suit:<\/p>\n\n\n\n<ul class=\"wp-block-list\">\n<li>Titre: Times New Roman (14), gras et simple interligne<\/li>\n\n\n\n<li>Auteurs: Times New Roman (11), gras avec affiliation et Email.<\/li>\n\n\n\n<li>Texte: Times New Roman (12)\u00a0 et simple interligne<\/li>\n<\/ul>\n\n\n\n<p><strong><u>Dimensions poster&nbsp;:<\/u><\/strong><strong> 95\/65<\/strong> Compte tenu du caract\u00e8re \u00ab&nbsp;International&nbsp;\u00bb de ce congr\u00e8s, vous \u00eates pri\u00e9s de pr\u00e9parer vos diapositives et posters en anglais, m\u00eame si vous allez pr\u00e9senter en fran\u00e7ais<\/p>\n\n\n\n<p><em>* Le nombre de communications par inscription est limit\u00e9 \u00e0 1 orale et 1 affich\u00e9e<\/em><\/p>\n","protected":false},"excerpt":{"rendered":"<p>Quelque soit le type de communication (orale ou affich\u00e9e), vous \u00eates invit\u00e9s \u00e0 soumettre un r\u00e9sum\u00e9 en anglais,. Le r\u00e9sum\u00e9 ne doit pas d\u00e9passer 250 mots et doit \u00eatre pr\u00e9sent\u00e9 comme suit: Dimensions poster&nbsp;: 95\/65 Compte tenu du caract\u00e8re \u00ab&nbsp;International&nbsp;\u00bb de ce congr\u00e8s, vous \u00eates pri\u00e9s de pr\u00e9parer vos diapositives et posters en anglais, m\u00eame [&hellip;]<\/p>\n","protected":false},"author":1,"featured_media":0,"parent":0,"menu_order":0,"comment_status":"closed","ping_status":"closed","template":"","meta":{"footnotes":""},"class_list":["post-1044","page","type-page","status-publish","hentry"],"_links":{"self":[{"href":"https:\/\/www.ste-tun-microbio.com\/index.php\/wp-json\/wp\/v2\/pages\/1044","targetHints":{"allow":["GET"]}}],"collection":[{"href":"https:\/\/www.ste-tun-microbio.com\/index.php\/wp-json\/wp\/v2\/pages"}],"about":[{"href":"https:\/\/www.ste-tun-microbio.com\/index.php\/wp-json\/wp\/v2\/types\/page"}],"author":[{"embeddable":true,"href":"https:\/\/www.ste-tun-microbio.com\/index.php\/wp-json\/wp\/v2\/users\/1"}],"replies":[{"embeddable":true,"href":"https:\/\/www.ste-tun-microbio.com\/index.php\/wp-json\/wp\/v2\/comments?post=1044"}],"version-history":[{"count":2,"href":"https:\/\/www.ste-tun-microbio.com\/index.php\/wp-json\/wp\/v2\/pages\/1044\/revisions"}],"predecessor-version":[{"id":1425,"href":"https:\/\/www.ste-tun-microbio.com\/index.php\/wp-json\/wp\/v2\/pages\/1044\/revisions\/1425"}],"wp:attachment":[{"href":"https:\/\/www.ste-tun-microbio.com\/index.php\/wp-json\/wp\/v2\/media?parent=1044"}],"curies":[{"name":"wp","href":"https:\/\/api.w.org\/{rel}","templated":true}]}}