{"id":135,"date":"2021-10-17T18:33:08","date_gmt":"2021-10-17T16:33:08","guid":{"rendered":"https:\/\/www.ste-tun-microbio.com\/?page_id=135"},"modified":"2021-10-19T19:25:44","modified_gmt":"2021-10-19T17:25:44","slug":"qui-sommes-nous","status":"publish","type":"page","link":"https:\/\/www.ste-tun-microbio.com\/index.php\/qui-sommes-nous\/","title":{"rendered":"Qui sommes nous"},"content":{"rendered":"\n<h1 class=\"has-text-color wp-block-heading\" style=\"color:#993366\"><strong>Cr\u00e9ation<\/strong><\/h1>\n\n\n\n<p>La Soci\u00e9t\u00e9 Tunisienne de Microbiologie&nbsp; est une association \u00e0 caract\u00e8re scientifique, cr\u00e9\u00e9e le 29 Avril 2004.<\/p>\n\n\n\n<p>Visa 425 \u2013 JORT : N\u00b0178 du 6 Octobre 2004 sous le N\u00b0 : 2004S2041APSB1.<\/p>\n\n\n\n<p>Identifiant : N\u00b0 830\/20003<\/p>\n\n\n\n<p>Elle regroupe tous les sp\u00e9cialistes et chercheurs en bact\u00e9riologie, virologie, mycologie et parasitologie.<\/p>\n\n\n\n<p>Cette soci\u00e9t\u00e9 a \u00e9t\u00e9 publi\u00e9e au Journal Officiel de la R\u00e9publique Tunisienne N\u00b0 178.<\/p>\n\n\n\n<p>Visa N\u00b0&nbsp;830120003.<\/p>\n\n\n\n<p>Matricule Fiscal&nbsp;:<\/p>\n\n\n\n<p><strong>Rib&nbsp;: 10&nbsp;504&nbsp;017 094945 0&nbsp;788 86.<\/strong><\/p>\n\n\n\n<p>STB Bank. M<strong>onastir.<\/strong><\/p>\n\n\n\n<p>Si\u00e8ge&nbsp;: Facult\u00e9 de Pharmacie, rue Avicenne, Monastir 5000. Tunisie.<\/p>\n\n\n\n<p>T\u00e9l\u00e9phone&nbsp;: +216 73 46 69 50.<\/p>\n\n\n\n<p>Fax&nbsp;&nbsp;&nbsp;&nbsp;&nbsp;&nbsp;&nbsp;&nbsp;&nbsp;&nbsp; &nbsp;: +216 73 46 57 54.<\/p>\n\n\n\n<p>E-mail&nbsp;&nbsp;&nbsp;&nbsp;&nbsp;&nbsp; :&nbsp;<a href=\"mailto:s_t_microbio@yahoo.fr\">s_t_microbio@yahoo.fr<\/a><\/p>\n\n\n\n<p class=\"has-text-color has-large-font-size\" style=\"color:#993366\"><strong>Activit\u00e9s<\/strong><\/p>\n\n\n\n<p>* Organiser des colloques et des congr\u00e8s scientifiques dans le domaine de la microbiologie.<\/p>\n\n\n\n<p>*&nbsp; Cr\u00e9er une revue scientifique pour publier les travaux de la recherche scientifique dans le domaine de la microbiologie.<\/p>\n\n\n\n<p>*&nbsp; Aider&nbsp; \u00e0&nbsp; d\u00e9velopper&nbsp;&nbsp; les&nbsp; outils&nbsp; et&nbsp;&nbsp; les Interm\u00e9diaires&nbsp;&nbsp;&nbsp; p\u00e9dagogiques : ateliers, s\u00e9minaires, sorties d\u2019\u00e9tudes.<\/p>\n\n\n\n<p class=\"has-text-color has-large-font-size\" style=\"color:#993366\"><strong>Membres du bureau actuel<\/strong><\/p>\n\n\n\n<p><strong><em>Pr\u00e9sident<\/em><\/strong>e\u00a0:<\/p>\n\n\n\n<ul class=\"wp-block-list\"><li>Pr Maha MASTOURI <\/li><\/ul>\n\n\n\n<p><strong><em>Secr\u00e9taire g\u00e9n\u00e9rale<\/em><\/strong>&nbsp;:<\/p>\n\n\n\n<ul class=\"wp-block-list\"><li>Pr Meriam ZRIBI<\/li><\/ul>\n\n\n\n<p><strong><em>Tr\u00e9sori\u00e8re&nbsp;<\/em><\/strong>:<\/p>\n\n\n\n<ul class=\"wp-block-list\"><li>Pr H\u00e9la JA\u00cfDANE<\/li><\/ul>\n\n\n\n<p><strong><em>Membres<\/em><\/strong>&nbsp;:<\/p>\n\n\n\n<ul class=\"wp-block-list\"><li>Pr Mahjoub AOUNI <\/li><li>Pr Lilia MESSADI.<\/li><li>Pr Wejdene &nbsp;MANSOUR<\/li><li>Dr Hayet JAZIRI.<\/li><li>Dr Nabil ABID<\/li><li>Dr Zyed ROUIS<\/li><li>Pr Farouk BARGUELIL<\/li><\/ul>\n","protected":false},"excerpt":{"rendered":"<p>Cr\u00e9ation La Soci\u00e9t\u00e9 Tunisienne de Microbiologie&nbsp; est une association \u00e0 caract\u00e8re scientifique, cr\u00e9\u00e9e le 29 Avril 2004. Visa 425 \u2013 JORT : N\u00b0178 du 6 Octobre 2004 sous le N\u00b0 : 2004S2041APSB1. Identifiant : N\u00b0 830\/20003 Elle regroupe tous les sp\u00e9cialistes et chercheurs en bact\u00e9riologie, virologie, mycologie et parasitologie. Cette soci\u00e9t\u00e9 a \u00e9t\u00e9 publi\u00e9e au [&hellip;]<\/p>\n","protected":false},"author":1,"featured_media":0,"parent":0,"menu_order":0,"comment_status":"closed","ping_status":"closed","template":"","meta":{"footnotes":""},"class_list":["post-135","page","type-page","status-publish","hentry"],"_links":{"self":[{"href":"https:\/\/www.ste-tun-microbio.com\/index.php\/wp-json\/wp\/v2\/pages\/135","targetHints":{"allow":["GET"]}}],"collection":[{"href":"https:\/\/www.ste-tun-microbio.com\/index.php\/wp-json\/wp\/v2\/pages"}],"about":[{"href":"https:\/\/www.ste-tun-microbio.com\/index.php\/wp-json\/wp\/v2\/types\/page"}],"author":[{"embeddable":true,"href":"https:\/\/www.ste-tun-microbio.com\/index.php\/wp-json\/wp\/v2\/users\/1"}],"replies":[{"embeddable":true,"href":"https:\/\/www.ste-tun-microbio.com\/index.php\/wp-json\/wp\/v2\/comments?post=135"}],"version-history":[{"count":14,"href":"https:\/\/www.ste-tun-microbio.com\/index.php\/wp-json\/wp\/v2\/pages\/135\/revisions"}],"predecessor-version":[{"id":691,"href":"https:\/\/www.ste-tun-microbio.com\/index.php\/wp-json\/wp\/v2\/pages\/135\/revisions\/691"}],"wp:attachment":[{"href":"https:\/\/www.ste-tun-microbio.com\/index.php\/wp-json\/wp\/v2\/media?parent=135"}],"curies":[{"name":"wp","href":"https:\/\/api.w.org\/{rel}","templated":true}]}}