{"id":1947,"date":"2025-08-08T11:09:07","date_gmt":"2025-08-08T09:09:07","guid":{"rendered":"https:\/\/www.ste-tun-microbio.com\/?page_id=1947"},"modified":"2025-08-14T12:53:34","modified_gmt":"2025-08-14T10:53:34","slug":"18-emes-journees-nationales-et-6-emes-journees-internationales-demicrobiologie","status":"publish","type":"page","link":"https:\/\/www.ste-tun-microbio.com\/index.php\/18-emes-journees-nationales-et-6-emes-journees-internationales-demicrobiologie\/","title":{"rendered":""},"content":{"rendered":"\t\t<div data-elementor-type=\"wp-page\" data-elementor-id=\"1947\" class=\"elementor elementor-1947\">\n\t\t\t\t\t\t<section class=\"elementor-section elementor-top-section elementor-element elementor-element-2109fe0 elementor-section-boxed elementor-section-height-default elementor-section-height-default\" data-id=\"2109fe0\" data-element_type=\"section\">\n\t\t\t\t\t\t<div class=\"elementor-container elementor-column-gap-default\">\n\t\t\t\t\t<div class=\"elementor-column elementor-col-100 elementor-top-column elementor-element elementor-element-61ab346\" data-id=\"61ab346\" data-element_type=\"column\">\n\t\t\t<div class=\"elementor-widget-wrap\">\n\t\t\t\t\t\t\t<\/div>\n\t\t<\/div>\n\t\t\t\t\t<\/div>\n\t\t<\/section>\n\t\t\t\t<section class=\"elementor-section elementor-top-section elementor-element elementor-element-0a5f6e4 elementor-section-boxed elementor-section-height-default elementor-section-height-default\" data-id=\"0a5f6e4\" data-element_type=\"section\">\n\t\t\t\t\t\t<div class=\"elementor-container elementor-column-gap-default\">\n\t\t\t\t\t<div class=\"elementor-column elementor-col-100 elementor-top-column elementor-element elementor-element-26c906c\" data-id=\"26c906c\" data-element_type=\"column\">\n\t\t\t<div class=\"elementor-widget-wrap elementor-element-populated\">\n\t\t\t\t\t\t<div class=\"elementor-element elementor-element-09a06a4 elementor-widget elementor-widget-heading\" data-id=\"09a06a4\" data-element_type=\"widget\" data-widget_type=\"heading.default\">\n\t\t\t\t<div class=\"elementor-widget-container\">\n\t\t\t\t\t<h1 class=\"elementor-heading-title elementor-size-default\">Les 18\u00e8mes Journ\u00e9es Nationales et 6\u00e8mes Journ\u00e9es Internationales de Microbiologie<\/h1>\t\t\t\t<\/div>\n\t\t\t\t<\/div>\n\t\t\t\t\t<\/div>\n\t\t<\/div>\n\t\t\t\t\t<\/div>\n\t\t<\/section>\n\t\t\t\t<section class=\"elementor-section elementor-top-section elementor-element elementor-element-9cbb0b5 elementor-section-boxed elementor-section-height-default elementor-section-height-default\" data-id=\"9cbb0b5\" data-element_type=\"section\">\n\t\t\t\t\t\t<div class=\"elementor-container elementor-column-gap-default\">\n\t\t\t\t\t<div class=\"elementor-column elementor-col-100 elementor-top-column elementor-element elementor-element-a545aa0\" data-id=\"a545aa0\" data-element_type=\"column\">\n\t\t\t<div class=\"elementor-widget-wrap elementor-element-populated\">\n\t\t\t\t\t\t<div class=\"elementor-element elementor-element-d1c961d elementor-widget elementor-widget-image\" data-id=\"d1c961d\" data-element_type=\"widget\" data-widget_type=\"image.default\">\n\t\t\t\t<div class=\"elementor-widget-container\">\n\t\t\t\t\t\t\t\t\t\t\t\t\t\t\t<img fetchpriority=\"high\" decoding=\"async\" width=\"1122\" height=\"794\" src=\"https:\/\/www.ste-tun-microbio.com\/wp-content\/uploads\/depliant-page-1-18emes.jpg\" class=\"attachment-2048x2048 size-2048x2048 wp-image-2199\" alt=\"\" srcset=\"https:\/\/www.ste-tun-microbio.com\/wp-content\/uploads\/depliant-page-1-18emes.jpg 1122w, https:\/\/www.ste-tun-microbio.com\/wp-content\/uploads\/depliant-page-1-18emes-300x212.jpg 300w, https:\/\/www.ste-tun-microbio.com\/wp-content\/uploads\/depliant-page-1-18emes-1024x725.jpg 1024w, https:\/\/www.ste-tun-microbio.com\/wp-content\/uploads\/depliant-page-1-18emes-768x543.jpg 768w\" sizes=\"(max-width: 1122px) 100vw, 1122px\" \/>\t\t\t\t\t\t\t\t\t\t\t\t\t\t\t<\/div>\n\t\t\t\t<\/div>\n\t\t\t\t\t<\/div>\n\t\t<\/div>\n\t\t\t\t\t<\/div>\n\t\t<\/section>\n\t\t\t\t<section class=\"elementor-section elementor-top-section elementor-element elementor-element-32b3a78 elementor-section-boxed elementor-section-height-default elementor-section-height-default\" data-id=\"32b3a78\" data-element_type=\"section\">\n\t\t\t\t\t\t<div class=\"elementor-container elementor-column-gap-default\">\n\t\t\t\t\t<div class=\"elementor-column elementor-col-33 elementor-top-column elementor-element elementor-element-c60b17a\" data-id=\"c60b17a\" data-element_type=\"column\">\n\t\t\t<div class=\"elementor-widget-wrap elementor-element-populated\">\n\t\t\t\t\t\t<div class=\"elementor-element elementor-element-00537fe elementor-button-info elementor-align-center elementor-widget elementor-widget-button\" data-id=\"00537fe\" data-element_type=\"widget\" data-widget_type=\"button.default\">\n\t\t\t\t<div class=\"elementor-widget-container\">\n\t\t\t\t\t\t\t\t\t<div class=\"elementor-button-wrapper\">\n\t\t\t\t\t<a class=\"elementor-button elementor-button-link elementor-size-sm\" href=\"https:\/\/www.ste-tun-microbio.com\/index.php\/elementor-2201\/\">\n\t\t\t\t\t\t<span class=\"elementor-button-content-wrapper\">\n\t\t\t\t\t\t\t\t\t<span class=\"elementor-button-text\">Programme<\/span>\n\t\t\t\t\t<\/span>\n\t\t\t\t\t<\/a>\n\t\t\t\t<\/div>\n\t\t\t\t\t\t\t\t<\/div>\n\t\t\t\t<\/div>\n\t\t\t\t\t<\/div>\n\t\t<\/div>\n\t\t\t\t<div class=\"elementor-column elementor-col-33 elementor-top-column elementor-element elementor-element-2459c7c\" data-id=\"2459c7c\" data-element_type=\"column\">\n\t\t\t<div class=\"elementor-widget-wrap elementor-element-populated\">\n\t\t\t\t\t\t<div class=\"elementor-element elementor-element-f8b7e3b elementor-button-info elementor-align-center elementor-widget elementor-widget-button\" data-id=\"f8b7e3b\" data-element_type=\"widget\" data-widget_type=\"button.default\">\n\t\t\t\t<div class=\"elementor-widget-container\">\n\t\t\t\t\t\t\t\t\t<div class=\"elementor-button-wrapper\">\n\t\t\t\t\t<a class=\"elementor-button elementor-button-link elementor-size-sm\" href=\"https:\/\/www.ste-tun-microbio.com\/index.php\/inscription-aux-18-emes-journees-de-microbiologie-et-6eme-journee-internationales\/\">\n\t\t\t\t\t\t<span class=\"elementor-button-content-wrapper\">\n\t\t\t\t\t\t\t\t\t<span class=\"elementor-button-text\">Inscription<\/span>\n\t\t\t\t\t<\/span>\n\t\t\t\t\t<\/a>\n\t\t\t\t<\/div>\n\t\t\t\t\t\t\t\t<\/div>\n\t\t\t\t<\/div>\n\t\t\t\t\t<\/div>\n\t\t<\/div>\n\t\t\t\t<div class=\"elementor-column elementor-col-33 elementor-top-column elementor-element elementor-element-e8143e6\" data-id=\"e8143e6\" data-element_type=\"column\">\n\t\t\t<div class=\"elementor-widget-wrap elementor-element-populated\">\n\t\t\t\t\t\t<div class=\"elementor-element elementor-element-a50d416 elementor-button-info elementor-align-center elementor-widget elementor-widget-button\" data-id=\"a50d416\" data-element_type=\"widget\" data-widget_type=\"button.default\">\n\t\t\t\t<div class=\"elementor-widget-container\">\n\t\t\t\t\t\t\t\t\t<div class=\"elementor-button-wrapper\">\n\t\t\t\t\t<a class=\"elementor-button elementor-button-link elementor-size-sm\" href=\"https:\/\/www.ste-tun-microbio.com\/index.php\/inscription-aux-auteures-18emes-journees\/\">\n\t\t\t\t\t\t<span class=\"elementor-button-content-wrapper\">\n\t\t\t\t\t\t\t\t\t<span class=\"elementor-button-text\">Instructions aux auteurs<\/span>\n\t\t\t\t\t<\/span>\n\t\t\t\t\t<\/a>\n\t\t\t\t<\/div>\n\t\t\t\t\t\t\t\t<\/div>\n\t\t\t\t<\/div>\n\t\t\t\t\t<\/div>\n\t\t<\/div>\n\t\t\t\t\t<\/div>\n\t\t<\/section>\n\t\t\t\t<\/div>\n\t\t","protected":false},"excerpt":{"rendered":"<p>Les 18\u00e8mes Journ\u00e9es Nationales et 6\u00e8mes Journ\u00e9es Internationales de Microbiologie Programme Inscription Instructions aux auteurs<\/p>\n","protected":false},"author":1,"featured_media":0,"parent":0,"menu_order":0,"comment_status":"closed","ping_status":"closed","template":"","meta":{"footnotes":""},"class_list":["post-1947","page","type-page","status-publish","hentry"],"_links":{"self":[{"href":"https:\/\/www.ste-tun-microbio.com\/index.php\/wp-json\/wp\/v2\/pages\/1947","targetHints":{"allow":["GET"]}}],"collection":[{"href":"https:\/\/www.ste-tun-microbio.com\/index.php\/wp-json\/wp\/v2\/pages"}],"about":[{"href":"https:\/\/www.ste-tun-microbio.com\/index.php\/wp-json\/wp\/v2\/types\/page"}],"author":[{"embeddable":true,"href":"https:\/\/www.ste-tun-microbio.com\/index.php\/wp-json\/wp\/v2\/users\/1"}],"replies":[{"embeddable":true,"href":"https:\/\/www.ste-tun-microbio.com\/index.php\/wp-json\/wp\/v2\/comments?post=1947"}],"version-history":[{"count":36,"href":"https:\/\/www.ste-tun-microbio.com\/index.php\/wp-json\/wp\/v2\/pages\/1947\/revisions"}],"predecessor-version":[{"id":2271,"href":"https:\/\/www.ste-tun-microbio.com\/index.php\/wp-json\/wp\/v2\/pages\/1947\/revisions\/2271"}],"wp:attachment":[{"href":"https:\/\/www.ste-tun-microbio.com\/index.php\/wp-json\/wp\/v2\/media?parent=1947"}],"curies":[{"name":"wp","href":"https:\/\/api.w.org\/{rel}","templated":true}]}}