{"id":196,"date":"2021-10-18T19:41:21","date_gmt":"2021-10-18T17:41:21","guid":{"rendered":"https:\/\/www.ste-tun-microbio.com\/?page_id=196"},"modified":"2021-10-18T19:41:21","modified_gmt":"2021-10-18T17:41:21","slug":"manifestations-internationales","status":"publish","type":"page","link":"https:\/\/www.ste-tun-microbio.com\/index.php\/manifestations-internationales\/","title":{"rendered":"Manifestations internationales"},"content":{"rendered":"\n<p><\/p>\n\n\n\n<ul class=\"has-text-color wp-block-list\" style=\"color:#993366\"><li><strong>Les 1<sup>\u00e8res<\/sup> Journ\u00e9es Franco-maghr\u00e9bines de Virologie, <\/strong><strong><em>23-25 Octobre 2013, H\u00f4tel Golden Tulip Farah, Marrakech, MAROC.<\/em><\/strong><strong><\/strong><\/li><\/ul>\n\n\n\n<p>Ce colloque a \u00e9t\u00e9 organis\u00e9 en partenariat avec le Laboratoire Aliments, Environnement et Sant\u00e9 de la Facult\u00e9 des Sciences de Marrakech (Maroc), le Laboratoire de Bact\u00e9riologie Virologie de Saint-\u00c9tienne (France), la SFM, la SMAV, la SMI et Pasteur Alger. Ces journ\u00e9es ont port\u00e9 sur le th\u00e8me&nbsp;: \u00ab&nbsp;Virus transmissibles par voie ent\u00e9rique&nbsp;\u00bb<\/p>\n\n\n\n<ul class=\"has-text-color wp-block-list\" style=\"color:#993366\"><li><strong>Le 2<sup>\u00e8me<\/sup> Congr\u00e8s M\u00e9diterran\u00e9en de Cytom\u00e9trie<\/strong><strong><em>,<\/em><\/strong><strong> <\/strong><strong><em>23-25 F\u00e9vrier 2012, Monastir, TUNISIE.<\/em><\/strong><strong><\/strong><\/li><\/ul>\n\n\n\n<p>Ce congr\u00e8s a \u00e9t\u00e9 organis\u00e9 en partenariat avec l\u2019Unit\u00e9 de Cytom\u00e9trie en Flux de la Facult\u00e9 de Pharmacie de Monastir, l\u2019Unit\u00e9 de Cytom\u00e9trie en Flux de la Facult\u00e9 des Sciences de Biserte, le Laboratoire des Maladies Transmissibles et Substances Biologiquement Actives (LR99ES27) de la Facult\u00e9 de Pharmacie de Monastir, la Soci\u00e9t\u00e9 Fran\u00e7aise de Cytom\u00e9trie, et la Soci\u00e9t\u00e9 M\u00e9diterran\u00e9enne de Cytom\u00e9trie. Il a accueilli 82 participants, avec 8 communications orales, 14 communications affich\u00e9es et 7 conf\u00e9rences.<strong> <\/strong>Cette manifestation a \u00e9t\u00e9 enrichie par 3 cours et une formation pratique (4 ateliers) sur le cytom\u00e8tre.<strong> <\/strong>&nbsp;<\/p>\n\n\n\n<ul class=\"has-text-color wp-block-list\" style=\"color:#993366\"><li><strong>Le 1<sup>er<\/sup> Congr\u00e8s M\u00e9diterran\u00e9en de Cytom\u00e9trie<\/strong><strong><em>,<\/em><\/strong><strong> <\/strong><strong><em>11-13 F\u00e9vrier 2010, Monastir, TUNISIE.<\/em><\/strong><strong><\/strong><\/li><\/ul>\n\n\n\n<p>Ce congr\u00e8s a \u00e9t\u00e9 organis\u00e9 en partenariat avec l\u2019Unit\u00e9 de Cytom\u00e9trie en Flux de la Facult\u00e9 de Pharmacie de Monastir, l\u2019Unit\u00e9 de Cytom\u00e9trie en Flux de la Facult\u00e9 des Sciences de Biserte, le Laboratoire des Maladies Transmissibles et Substances Biologiquement Actives (LR99ES27) de la Facult\u00e9 de Pharmacie de Monastir, la Soci\u00e9t\u00e9 Fran\u00e7aise de Cytom\u00e9trie, et la Soci\u00e9t\u00e9 M\u00e9diterran\u00e9enne de Cytom\u00e9trie. Il a accueilli 85 participants, avec 12 communications orales, 21 communications affich\u00e9es et 9 conf\u00e9rences.<strong> <\/strong>Cette manifestation a \u00e9t\u00e9 enrichie par 4 cours et une formation pratique (4 ateliers) sur le cytom\u00e8tre.<strong> <\/strong>&nbsp;<\/p>\n\n\n\n<ul class=\"has-text-color wp-block-list\" style=\"color:#993366\"><li><strong>Colloque Scientifique \u00ab Rage et Maladies Virales Emergentes en M\u00e9diterran\u00e9e\u00bb<\/strong><strong>, <em>6-8 Juin 2009, H\u00f4tel Mehari, Hammamet, TUNISIE.<\/em><\/strong><\/li><\/ul>\n\n\n\n<p>Cette manifestation a \u00e9t\u00e9 organis\u00e9e en partenariat avec l\u2019Institut Pasteur de Tunis, sous le haut patronage du Ministre de la Sant\u00e9 Publique et a trait\u00e9 des th\u00e8mes tels que&nbsp;:<\/p>\n\n\n\n<ul class=\"wp-block-list\"><li><em>Assessment of emerging viruses in 2008<\/em><\/li><li><em>West Nile Virus<\/em><\/li><li><em>H\u00e9patits A &amp; E<\/em><\/li><li><em>Phlebovirus in Tunsia<\/em><\/li><\/ul>\n\n\n\n<ul class=\"has-text-color wp-block-list\" style=\"color:#993366\"><li><strong><em>The \u00ab&nbsp;NEPAD Biotechnology Workshop&nbsp;: Challenges for North Africa and Promises for a Regional Integrated Program&nbsp;\u00bb<\/em><\/strong><strong><em>, 28-30 Novembre 2008, Tunis, TUNISIE.<\/em><\/strong><\/li><\/ul>\n\n\n\n<p>Ce workshop a \u00e9t\u00e9 organis\u00e9 en partenariat avec le Centre de Biotechnologie de Borj Cedria et le <em>\u00ab&nbsp;NEPAD\/NABNet (North Africa Biosciences Network)&nbsp;\u00bb<\/em>, sous l\u2019auspice du Minist\u00e8re de l\u2019Enseignement Sup\u00e9rieur, de la Recherche Scientifique et de la Technologie.<\/p>\n\n\n\n<ul class=\"has-text-color wp-block-list\" style=\"color:#993366\"><li><strong>The <em>\u00ab Model legumes congress MLC \u00bb<\/em><\/strong><strong><em>,<\/em><\/strong><strong> <em>24-28 Mars 2007, Tunis, TUNISIE.<\/em><\/strong><\/li><\/ul>\n\n\n\n<p>Ce congr\u00e8s international a \u00e9t\u00e9 organis\u00e9 en partenariat avec le Laboratoire de Symbiose et Pathologies des Plantes, l\u2019INAT, l\u2019INP-ENSAT, Auzeville, France, et le Centre International de Recherche Agricole dans les Zones Arides. Ce genre de manifestations habituellement organis\u00e9es dans des pays tels que les Etats-Unis d\u2019Am\u00e9rique, a honor\u00e9 la Tunisie par son organisation, en reconnaissance de l\u2019effort consid\u00e9rable qu\u2019investit notre pays dans la recherche sur les L\u00e9gumineuses, notamment le mod\u00e8le <em>\u00ab&nbsp;Medicago truncatula&nbsp;\u00bb. <\/em>Ce congr\u00e8s a accueilli plus de 250 participants venant de 25 pays des 5 continents.<\/p>\n\n\n\n<p>Programme&nbsp;?<\/p>\n\n\n\n<ul class=\"has-text-color wp-block-list\" style=\"color:#993366\"><li><strong><em>The \u00ab Abiotic stress in legumes \u00bb Congress<\/em><\/strong><strong>, <em>22-24 Mars 2007, Tunis, TUNISIE.<\/em><\/strong><em><\/em><\/li><\/ul>\n\n\n\n<p>Ce congr\u00e8s a \u00e9t\u00e9 organis\u00e9 en partenariat avec des repr\u00e9sentants de l\u2019Union Europ\u00e9enne, le Centre de Biotechnologie de Borj Cedria, l\u2019Institut de Recherche V\u00e9t\u00e9rinaire de Tunisie, le Centre National de Recherche Scientifique, et l\u2019Institut National Agronomique de Tunis.<\/p>\n\n\n\n<p>&nbsp;Programme&nbsp;?<\/p>\n\n\n\n<ul class=\"has-text-color wp-block-list\" style=\"color:#993366\"><li><strong>Table ronde<\/strong><strong> \u00ab&nbsp;L\u2019infection \u00e0 <em>Helicobacter pylori<\/em> chez l\u2019enfant&nbsp;\u00bb, <em>7 d\u00e9cembre 2006, Paris, FRANCE.<\/em><\/strong><em><\/em><\/li><\/ul>\n\n\n\n<p>La STM a particip\u00e9 \u00e0 cet \u00e9v\u00e8nement (7 intervenants Tunisiens dont 2 conf\u00e9renciers) suite \u00e0 une invitation de la Soci\u00e9t\u00e9 Fran\u00e7aise de Microbiologie. Cette table ronde a d\u00e9battu de ce probl\u00e8me sanitaire en France et en Tunisie, notamment de l\u2019antibioth\u00e9rapie. Programme&nbsp;?<\/p>\n\n\n\n<ul class=\"has-text-color wp-block-list\" style=\"color:#993366\"><li><strong>Congr\u00e8s \u00ab&nbsp;Virus et Cancer&nbsp;\u00bb<\/strong><strong>, <em>17-18 Novembre 2006, Tunis, TUNISIE.<\/em><\/strong><strong><em><\/em><\/strong><\/li><\/ul>\n\n\n\n<p>Ce congr\u00e8s a \u00e9t\u00e9 organis\u00e9 en partenariat avec le Laboratoire H\u00e9patite et Maladies Virales Epid\u00e9miques, et L\u2019Unit\u00e9 Papillomavirus Humains de l\u2019Institut Pasteur de Tunis. Diff\u00e9rents aspects relatifs au th\u00e8me virus et cancer ont \u00e9t\u00e9 abord\u00e9s durant ce congr\u00e8s&nbsp;:<\/p>\n\n\n\n<ul class=\"wp-block-list\"><li>Les m\u00e9canismes physiopathologiques et mol\u00e9culaires de l\u2019oncogen\u00e8se virale.<\/li><li>Les diff\u00e9rents cancers d\u2019origine virale et les virus impliqu\u00e9s.<\/li><li>Les actualit\u00e9s cliniques et th\u00e9rapeutiques des cancers viraux.<\/li><li>L\u2019\u00e9pid\u00e9miologie mondiale en particulier dans les pays asiatiques et africains des cancers viraux.<\/li><li>Les vaccins, en particulier anti Papillomavirus humains.<\/li><\/ul>\n\n\n\n<p>Cette manifestation a r\u00e9uni 113 participants avec 8 conf\u00e9rences.<\/p>\n\n\n\n<ul class=\"has-text-color wp-block-list\" style=\"color:#993366\"><li><strong>Le 1<sup>er<\/sup> Congr\u00e8s Franco-Tunisien sur les Virus Ent\u00e9riques<\/strong><strong>, <em>28 Septembre &#8211; 1<sup>er<\/sup> Octobre, H\u00f4tel Helya, Monastir, TUNISIE.<\/em><\/strong><\/li><\/ul>\n\n\n\n<p>Ce congr\u00e8s a \u00e9t\u00e9 organis\u00e9, sous le haut patronage du Ministre de L\u2019Enseignement Sup\u00e9rieur, en partenariat avec la Soci\u00e9t\u00e9 Fran\u00e7aise de Microbiologie et la Soci\u00e9t\u00e9 Tunisienne de Biologie Clinique. Diff\u00e9rents th\u00e8mes ont \u00e9t\u00e9 abord\u00e9s, essentiellement&nbsp;:<\/p>\n\n\n\n<ul class=\"wp-block-list\"><li>Les virus d\u2019h\u00e9patites<\/li><li>Les virus de gastroent\u00e9rites<\/li><li>Les virus de poliomy\u00e9lite<\/li><\/ul>\n\n\n\n<p>Cette manifestation a r\u00e9uni 41 participants avec 18 conf\u00e9rences. &nbsp;<\/p>\n","protected":false},"excerpt":{"rendered":"<p>Les 1\u00e8res Journ\u00e9es Franco-maghr\u00e9bines de Virologie, 23-25 Octobre 2013, H\u00f4tel Golden Tulip Farah, Marrakech, MAROC. Ce colloque a \u00e9t\u00e9 organis\u00e9 en partenariat avec le Laboratoire Aliments, Environnement et Sant\u00e9 de la Facult\u00e9 des Sciences de Marrakech (Maroc), le Laboratoire de Bact\u00e9riologie Virologie de Saint-\u00c9tienne (France), la SFM, la SMAV, la SMI et Pasteur Alger. Ces [&hellip;]<\/p>\n","protected":false},"author":1,"featured_media":0,"parent":0,"menu_order":0,"comment_status":"closed","ping_status":"closed","template":"","meta":{"footnotes":""},"class_list":["post-196","page","type-page","status-publish","hentry"],"_links":{"self":[{"href":"https:\/\/www.ste-tun-microbio.com\/index.php\/wp-json\/wp\/v2\/pages\/196","targetHints":{"allow":["GET"]}}],"collection":[{"href":"https:\/\/www.ste-tun-microbio.com\/index.php\/wp-json\/wp\/v2\/pages"}],"about":[{"href":"https:\/\/www.ste-tun-microbio.com\/index.php\/wp-json\/wp\/v2\/types\/page"}],"author":[{"embeddable":true,"href":"https:\/\/www.ste-tun-microbio.com\/index.php\/wp-json\/wp\/v2\/users\/1"}],"replies":[{"embeddable":true,"href":"https:\/\/www.ste-tun-microbio.com\/index.php\/wp-json\/wp\/v2\/comments?post=196"}],"version-history":[{"count":1,"href":"https:\/\/www.ste-tun-microbio.com\/index.php\/wp-json\/wp\/v2\/pages\/196\/revisions"}],"predecessor-version":[{"id":198,"href":"https:\/\/www.ste-tun-microbio.com\/index.php\/wp-json\/wp\/v2\/pages\/196\/revisions\/198"}],"wp:attachment":[{"href":"https:\/\/www.ste-tun-microbio.com\/index.php\/wp-json\/wp\/v2\/media?parent=196"}],"curies":[{"name":"wp","href":"https:\/\/api.w.org\/{rel}","templated":true}]}}