{"id":2112,"date":"2025-08-10T12:49:43","date_gmt":"2025-08-10T10:49:43","guid":{"rendered":"https:\/\/www.ste-tun-microbio.com\/?page_id=2112"},"modified":"2025-08-14T12:45:29","modified_gmt":"2025-08-14T10:45:29","slug":"elementor-3emes-journees","status":"publish","type":"page","link":"https:\/\/www.ste-tun-microbio.com\/index.php\/elementor-3emes-journees\/","title":{"rendered":""},"content":{"rendered":"\t\t<div data-elementor-type=\"wp-page\" data-elementor-id=\"2112\" class=\"elementor elementor-2112\">\n\t\t\t\t\t\t<section class=\"elementor-section elementor-top-section elementor-element elementor-element-72eaa2e elementor-section-boxed elementor-section-height-default elementor-section-height-default\" data-id=\"72eaa2e\" data-element_type=\"section\">\n\t\t\t\t\t\t<div class=\"elementor-container elementor-column-gap-default\">\n\t\t\t\t\t<div class=\"elementor-column elementor-col-100 elementor-top-column elementor-element elementor-element-fefa185\" data-id=\"fefa185\" data-element_type=\"column\">\n\t\t\t<div class=\"elementor-widget-wrap\">\n\t\t\t\t\t\t\t<\/div>\n\t\t<\/div>\n\t\t\t\t\t<\/div>\n\t\t<\/section>\n\t\t\t\t<section class=\"elementor-section elementor-top-section elementor-element elementor-element-db873b5 elementor-section-boxed elementor-section-height-default elementor-section-height-default\" data-id=\"db873b5\" data-element_type=\"section\">\n\t\t\t\t\t\t<div class=\"elementor-container elementor-column-gap-default\">\n\t\t\t\t\t<div class=\"elementor-column elementor-col-100 elementor-top-column elementor-element elementor-element-6a71b89\" data-id=\"6a71b89\" data-element_type=\"column\">\n\t\t\t<div class=\"elementor-widget-wrap elementor-element-populated\">\n\t\t\t\t\t\t<div class=\"elementor-element elementor-element-3567ab0 elementor-widget elementor-widget-heading\" data-id=\"3567ab0\" data-element_type=\"widget\" data-widget_type=\"heading.default\">\n\t\t\t\t<div class=\"elementor-widget-container\">\n\t\t\t\t\t<h1 class=\"elementor-heading-title elementor-size-default\">Les 3\u00e8mes Journ\u00e9es Franco-Maghr\u00e9bines  de Virologie: PROGRAMME<\/h1>\t\t\t\t<\/div>\n\t\t\t\t<\/div>\n\t\t\t\t\t<\/div>\n\t\t<\/div>\n\t\t\t\t\t<\/div>\n\t\t<\/section>\n\t\t\t\t<section class=\"elementor-section elementor-top-section elementor-element elementor-element-24ca233 elementor-section-boxed elementor-section-height-default elementor-section-height-default\" data-id=\"24ca233\" data-element_type=\"section\">\n\t\t\t\t\t\t<div class=\"elementor-container elementor-column-gap-default\">\n\t\t\t\t\t<div class=\"elementor-column elementor-col-100 elementor-top-column elementor-element elementor-element-64ab0d9\" data-id=\"64ab0d9\" data-element_type=\"column\">\n\t\t\t<div class=\"elementor-widget-wrap elementor-element-populated\">\n\t\t\t\t\t\t<div class=\"elementor-element elementor-element-bc0560e elementor-widget elementor-widget-image\" data-id=\"bc0560e\" data-element_type=\"widget\" data-widget_type=\"image.default\">\n\t\t\t\t<div class=\"elementor-widget-container\">\n\t\t\t\t\t\t\t\t\t\t\t\t\t\t\t<img fetchpriority=\"high\" decoding=\"async\" width=\"1122\" height=\"793\" src=\"https:\/\/www.ste-tun-microbio.com\/wp-content\/uploads\/Diapositive2.jpg\" class=\"attachment-2048x2048 size-2048x2048 wp-image-1875\" alt=\"\" srcset=\"https:\/\/www.ste-tun-microbio.com\/wp-content\/uploads\/Diapositive2.jpg 1122w, https:\/\/www.ste-tun-microbio.com\/wp-content\/uploads\/Diapositive2-300x212.jpg 300w, https:\/\/www.ste-tun-microbio.com\/wp-content\/uploads\/Diapositive2-1024x724.jpg 1024w, https:\/\/www.ste-tun-microbio.com\/wp-content\/uploads\/Diapositive2-768x543.jpg 768w\" sizes=\"(max-width: 1122px) 100vw, 1122px\" \/>\t\t\t\t\t\t\t\t\t\t\t\t\t\t\t<\/div>\n\t\t\t\t<\/div>\n\t\t\t\t\t<\/div>\n\t\t<\/div>\n\t\t\t\t\t<\/div>\n\t\t<\/section>\n\t\t\t\t<section class=\"elementor-section elementor-top-section elementor-element elementor-element-ba936ae elementor-section-boxed elementor-section-height-default elementor-section-height-default\" data-id=\"ba936ae\" data-element_type=\"section\">\n\t\t\t\t\t\t<div class=\"elementor-container elementor-column-gap-default\">\n\t\t\t\t\t<div class=\"elementor-column elementor-col-33 elementor-top-column elementor-element elementor-element-6af5414\" data-id=\"6af5414\" data-element_type=\"column\">\n\t\t\t<div class=\"elementor-widget-wrap elementor-element-populated\">\n\t\t\t\t\t\t<div class=\"elementor-element elementor-element-e45ae86 elementor-button-info elementor-align-center elementor-widget elementor-widget-button\" data-id=\"e45ae86\" data-element_type=\"widget\" data-widget_type=\"button.default\">\n\t\t\t\t<div class=\"elementor-widget-container\">\n\t\t\t\t\t\t\t\t\t<div class=\"elementor-button-wrapper\">\n\t\t\t\t\t<a class=\"elementor-button elementor-button-link elementor-size-sm\" href=\"https:\/\/www.ste-tun-microbio.com\/index.php\/programme\/\">\n\t\t\t\t\t\t<span class=\"elementor-button-content-wrapper\">\n\t\t\t\t\t\t\t\t\t<span class=\"elementor-button-text\">3\u00e8mes journ\u00e9es de virologie<\/span>\n\t\t\t\t\t<\/span>\n\t\t\t\t\t<\/a>\n\t\t\t\t<\/div>\n\t\t\t\t\t\t\t\t<\/div>\n\t\t\t\t<\/div>\n\t\t\t\t\t<\/div>\n\t\t<\/div>\n\t\t\t\t<div class=\"elementor-column elementor-col-33 elementor-top-column elementor-element elementor-element-15e4413\" data-id=\"15e4413\" data-element_type=\"column\">\n\t\t\t<div class=\"elementor-widget-wrap elementor-element-populated\">\n\t\t\t\t\t\t<div class=\"elementor-element elementor-element-f3b6fc0 elementor-button-info elementor-align-center elementor-widget elementor-widget-button\" data-id=\"f3b6fc0\" data-element_type=\"widget\" data-widget_type=\"button.default\">\n\t\t\t\t<div class=\"elementor-widget-container\">\n\t\t\t\t\t\t\t\t\t<div class=\"elementor-button-wrapper\">\n\t\t\t\t\t<a class=\"elementor-button elementor-button-link elementor-size-sm\" href=\"https:\/\/www.ste-tun-microbio.com\/index.php\/inscription-2\/\">\n\t\t\t\t\t\t<span class=\"elementor-button-content-wrapper\">\n\t\t\t\t\t\t\t\t\t<span class=\"elementor-button-text\">Inscription<\/span>\n\t\t\t\t\t<\/span>\n\t\t\t\t\t<\/a>\n\t\t\t\t<\/div>\n\t\t\t\t\t\t\t\t<\/div>\n\t\t\t\t<\/div>\n\t\t\t\t\t<\/div>\n\t\t<\/div>\n\t\t\t\t<div class=\"elementor-column elementor-col-33 elementor-top-column elementor-element elementor-element-aeb0da9\" data-id=\"aeb0da9\" data-element_type=\"column\">\n\t\t\t<div class=\"elementor-widget-wrap elementor-element-populated\">\n\t\t\t\t\t\t<div class=\"elementor-element elementor-element-de3c250 elementor-button-info elementor-align-center elementor-widget elementor-widget-button\" data-id=\"de3c250\" data-element_type=\"widget\" data-widget_type=\"button.default\">\n\t\t\t\t<div class=\"elementor-widget-container\">\n\t\t\t\t\t\t\t\t\t<div class=\"elementor-button-wrapper\">\n\t\t\t\t\t<a class=\"elementor-button elementor-button-link elementor-size-sm\" href=\"https:\/\/www.ste-tun-microbio.com\/index.php\/formulaire-dinscription-au-workshop\/\">\n\t\t\t\t\t\t<span class=\"elementor-button-content-wrapper\">\n\t\t\t\t\t\t\t\t\t<span class=\"elementor-button-text\">Instructions aux auteurs<\/span>\n\t\t\t\t\t<\/span>\n\t\t\t\t\t<\/a>\n\t\t\t\t<\/div>\n\t\t\t\t\t\t\t\t<\/div>\n\t\t\t\t<\/div>\n\t\t\t\t\t<\/div>\n\t\t<\/div>\n\t\t\t\t\t<\/div>\n\t\t<\/section>\n\t\t\t\t<\/div>\n\t\t","protected":false},"excerpt":{"rendered":"<p>Les 3\u00e8mes Journ\u00e9es Franco-Maghr\u00e9bines de Virologie: PROGRAMME 3\u00e8mes journ\u00e9es de virologie Inscription Instructions aux auteurs<\/p>\n","protected":false},"author":1,"featured_media":0,"parent":0,"menu_order":0,"comment_status":"closed","ping_status":"closed","template":"","meta":{"footnotes":""},"class_list":["post-2112","page","type-page","status-publish","hentry"],"_links":{"self":[{"href":"https:\/\/www.ste-tun-microbio.com\/index.php\/wp-json\/wp\/v2\/pages\/2112","targetHints":{"allow":["GET"]}}],"collection":[{"href":"https:\/\/www.ste-tun-microbio.com\/index.php\/wp-json\/wp\/v2\/pages"}],"about":[{"href":"https:\/\/www.ste-tun-microbio.com\/index.php\/wp-json\/wp\/v2\/types\/page"}],"author":[{"embeddable":true,"href":"https:\/\/www.ste-tun-microbio.com\/index.php\/wp-json\/wp\/v2\/users\/1"}],"replies":[{"embeddable":true,"href":"https:\/\/www.ste-tun-microbio.com\/index.php\/wp-json\/wp\/v2\/comments?post=2112"}],"version-history":[{"count":26,"href":"https:\/\/www.ste-tun-microbio.com\/index.php\/wp-json\/wp\/v2\/pages\/2112\/revisions"}],"predecessor-version":[{"id":2262,"href":"https:\/\/www.ste-tun-microbio.com\/index.php\/wp-json\/wp\/v2\/pages\/2112\/revisions\/2262"}],"wp:attachment":[{"href":"https:\/\/www.ste-tun-microbio.com\/index.php\/wp-json\/wp\/v2\/media?parent=2112"}],"curies":[{"name":"wp","href":"https:\/\/api.w.org\/{rel}","templated":true}]}}