{"id":2120,"date":"2025-08-10T12:58:46","date_gmt":"2025-08-10T10:58:46","guid":{"rendered":"https:\/\/www.ste-tun-microbio.com\/?page_id=2120"},"modified":"2025-09-16T09:16:35","modified_gmt":"2025-09-16T07:16:35","slug":"inscription-aux-auteures-18emes-journees","status":"publish","type":"page","link":"https:\/\/www.ste-tun-microbio.com\/index.php\/inscription-aux-auteures-18emes-journees\/","title":{"rendered":""},"content":{"rendered":"\t\t<div data-elementor-type=\"wp-page\" data-elementor-id=\"2120\" class=\"elementor elementor-2120\">\n\t\t\t\t\t\t<section class=\"elementor-section elementor-top-section elementor-element elementor-element-356874b elementor-section-boxed elementor-section-height-default elementor-section-height-default\" data-id=\"356874b\" data-element_type=\"section\">\n\t\t\t\t\t\t<div class=\"elementor-container elementor-column-gap-default\">\n\t\t\t\t\t<div class=\"elementor-column elementor-col-100 elementor-top-column elementor-element elementor-element-53424a3\" data-id=\"53424a3\" data-element_type=\"column\">\n\t\t\t<div class=\"elementor-widget-wrap\">\n\t\t\t\t\t\t\t<\/div>\n\t\t<\/div>\n\t\t\t\t\t<\/div>\n\t\t<\/section>\n\t\t\t\t<section class=\"elementor-section elementor-top-section elementor-element elementor-element-3603024 elementor-section-boxed elementor-section-height-default elementor-section-height-default\" data-id=\"3603024\" data-element_type=\"section\">\n\t\t\t\t\t\t<div class=\"elementor-container elementor-column-gap-default\">\n\t\t\t\t\t<div class=\"elementor-column elementor-col-100 elementor-top-column elementor-element elementor-element-182c606\" data-id=\"182c606\" data-element_type=\"column\">\n\t\t\t<div class=\"elementor-widget-wrap elementor-element-populated\">\n\t\t\t\t\t\t<div class=\"elementor-element elementor-element-43665ed elementor-widget elementor-widget-heading\" data-id=\"43665ed\" data-element_type=\"widget\" data-widget_type=\"heading.default\">\n\t\t\t\t<div class=\"elementor-widget-container\">\n\t\t\t\t\t<h1 class=\"elementor-heading-title elementor-size-default\">Les 18\u00e8mes Journ\u00e9es Nationales et 6\u00e8mes Journ\u00e9es Internationales de Microbiologie :    INSTRUCTIONS AUX AUTEURS<\/h1>\t\t\t\t<\/div>\n\t\t\t\t<\/div>\n\t\t\t\t\t<\/div>\n\t\t<\/div>\n\t\t\t\t\t<\/div>\n\t\t<\/section>\n\t\t\t\t<section class=\"elementor-section elementor-top-section elementor-element elementor-element-8e2ad19 elementor-section-boxed elementor-section-height-default elementor-section-height-default\" data-id=\"8e2ad19\" data-element_type=\"section\">\n\t\t\t\t\t\t<div class=\"elementor-container elementor-column-gap-default\">\n\t\t\t\t\t<div class=\"elementor-column elementor-col-100 elementor-top-column elementor-element elementor-element-7ad015a\" data-id=\"7ad015a\" data-element_type=\"column\">\n\t\t\t<div class=\"elementor-widget-wrap elementor-element-populated\">\n\t\t\t\t\t\t<div class=\"elementor-element elementor-element-0a5425f elementor-widget elementor-widget-text-editor\" data-id=\"0a5425f\" data-element_type=\"widget\" data-widget_type=\"text-editor.default\">\n\t\t\t\t<div class=\"elementor-widget-container\">\n\t\t\t\t\t\t\t\t\t<h4 style=\"text-align: left;\">Date limite d\u2019inscription et de soumission des r\u00e9sum\u00e9s: <strong><span style=\"color: #ff0000;\">06 Octobre 2025<\/span><\/strong><\/h4>\t\t\t\t\t\t\t\t<\/div>\n\t\t\t\t<\/div>\n\t\t\t\t\t<\/div>\n\t\t<\/div>\n\t\t\t\t\t<\/div>\n\t\t<\/section>\n\t\t\t\t<section class=\"elementor-section elementor-top-section elementor-element elementor-element-4e2317b elementor-section-boxed elementor-section-height-default elementor-section-height-default\" data-id=\"4e2317b\" data-element_type=\"section\">\n\t\t\t\t\t\t<div class=\"elementor-container elementor-column-gap-default\">\n\t\t\t\t\t<div class=\"elementor-column elementor-col-100 elementor-top-column elementor-element elementor-element-013df6c\" data-id=\"013df6c\" data-element_type=\"column\">\n\t\t\t<div class=\"elementor-widget-wrap elementor-element-populated\">\n\t\t\t\t\t\t<div class=\"elementor-element elementor-element-cad7b70 elementor-widget elementor-widget-text-editor\" data-id=\"cad7b70\" data-element_type=\"widget\" data-widget_type=\"text-editor.default\">\n\t\t\t\t<div class=\"elementor-widget-container\">\n\t\t\t\t\t\t\t\t\t<p style=\"text-align: center;\"><img fetchpriority=\"high\" decoding=\"async\" class=\"alignnone wp-image-2531 size-full\" src=\"https:\/\/www.ste-tun-microbio.com\/wp-content\/uploads\/frais-d_inscription-et-instructions-18emes.jpg\" alt=\"\" width=\"1653\" height=\"2339\" srcset=\"https:\/\/www.ste-tun-microbio.com\/wp-content\/uploads\/frais-d_inscription-et-instructions-18emes.jpg 1653w, https:\/\/www.ste-tun-microbio.com\/wp-content\/uploads\/frais-d_inscription-et-instructions-18emes-212x300.jpg 212w, https:\/\/www.ste-tun-microbio.com\/wp-content\/uploads\/frais-d_inscription-et-instructions-18emes-724x1024.jpg 724w, https:\/\/www.ste-tun-microbio.com\/wp-content\/uploads\/frais-d_inscription-et-instructions-18emes-768x1087.jpg 768w, https:\/\/www.ste-tun-microbio.com\/wp-content\/uploads\/frais-d_inscription-et-instructions-18emes-1086x1536.jpg 1086w, https:\/\/www.ste-tun-microbio.com\/wp-content\/uploads\/frais-d_inscription-et-instructions-18emes-1447x2048.jpg 1447w\" sizes=\"(max-width: 1653px) 100vw, 1653px\" \/><\/p>\n<p><!-- \/wp:paragraph --><\/p>\n<p><!-- wp:paragraph --><\/p>\n<p>\u00a0<\/p>\n<p><!-- \/wp:paragraph --><\/p>\n<p><!-- wp:paragraph --><\/p>\n<p>\u00a0<\/p>\n<p><!-- \/wp:paragraph --><\/p>\t\t\t\t\t\t\t\t<\/div>\n\t\t\t\t<\/div>\n\t\t\t\t\t<\/div>\n\t\t<\/div>\n\t\t\t\t\t<\/div>\n\t\t<\/section>\n\t\t\t\t<\/div>\n\t\t","protected":false},"excerpt":{"rendered":"<p>Les 18\u00e8mes Journ\u00e9es Nationales et 6\u00e8mes Journ\u00e9es Internationales de Microbiologie : INSTRUCTIONS AUX AUTEURS Date limite d\u2019inscription et de soumission des r\u00e9sum\u00e9s: 06 Octobre 2025 \u00a0 \u00a0<\/p>\n","protected":false},"author":1,"featured_media":0,"parent":0,"menu_order":0,"comment_status":"closed","ping_status":"closed","template":"","meta":{"footnotes":""},"class_list":["post-2120","page","type-page","status-publish","hentry"],"_links":{"self":[{"href":"https:\/\/www.ste-tun-microbio.com\/index.php\/wp-json\/wp\/v2\/pages\/2120","targetHints":{"allow":["GET"]}}],"collection":[{"href":"https:\/\/www.ste-tun-microbio.com\/index.php\/wp-json\/wp\/v2\/pages"}],"about":[{"href":"https:\/\/www.ste-tun-microbio.com\/index.php\/wp-json\/wp\/v2\/types\/page"}],"author":[{"embeddable":true,"href":"https:\/\/www.ste-tun-microbio.com\/index.php\/wp-json\/wp\/v2\/users\/1"}],"replies":[{"embeddable":true,"href":"https:\/\/www.ste-tun-microbio.com\/index.php\/wp-json\/wp\/v2\/comments?post=2120"}],"version-history":[{"count":21,"href":"https:\/\/www.ste-tun-microbio.com\/index.php\/wp-json\/wp\/v2\/pages\/2120\/revisions"}],"predecessor-version":[{"id":2534,"href":"https:\/\/www.ste-tun-microbio.com\/index.php\/wp-json\/wp\/v2\/pages\/2120\/revisions\/2534"}],"wp:attachment":[{"href":"https:\/\/www.ste-tun-microbio.com\/index.php\/wp-json\/wp\/v2\/media?parent=2120"}],"curies":[{"name":"wp","href":"https:\/\/api.w.org\/{rel}","templated":true}]}}