{"id":958,"date":"2023-02-16T08:38:39","date_gmt":"2023-02-16T07:38:39","guid":{"rendered":"https:\/\/www.ste-tun-microbio.com\/?page_id=958"},"modified":"2025-11-01T18:03:10","modified_gmt":"2025-11-01T17:03:10","slug":"inscription-2","status":"publish","type":"page","link":"https:\/\/www.ste-tun-microbio.com\/index.php\/inscription-2\/","title":{"rendered":""},"content":{"rendered":"\t\t<div data-elementor-type=\"wp-page\" data-elementor-id=\"958\" class=\"elementor elementor-958\">\n\t\t\t\t\t\t<section class=\"elementor-section elementor-top-section elementor-element elementor-element-99cbc6a elementor-section-boxed elementor-section-height-default elementor-section-height-default\" data-id=\"99cbc6a\" data-element_type=\"section\">\n\t\t\t\t\t\t<div class=\"elementor-container elementor-column-gap-default\">\n\t\t\t\t\t<div class=\"elementor-column elementor-col-100 elementor-top-column elementor-element elementor-element-cc74628\" data-id=\"cc74628\" data-element_type=\"column\">\n\t\t\t<div class=\"elementor-widget-wrap elementor-element-populated\">\n\t\t\t\t\t\t<div class=\"elementor-element elementor-element-360ab2c elementor-widget elementor-widget-heading\" data-id=\"360ab2c\" data-element_type=\"widget\" data-widget_type=\"heading.default\">\n\t\t\t\t<div class=\"elementor-widget-container\">\n\t\t\t\t\t<h1 class=\"elementor-heading-title elementor-size-default\">Liste des r\u00e9sum\u00e9s des  3\u00e8mes Journ\u00e9es Franco-Maghr\u00e9bines  de Virologie<\/h1>\t\t\t\t<\/div>\n\t\t\t\t<\/div>\n\t\t\t\t\t<\/div>\n\t\t<\/div>\n\t\t\t\t\t<\/div>\n\t\t<\/section>\n\t\t\t\t<section class=\"elementor-section elementor-top-section elementor-element elementor-element-6a66f97 elementor-section-boxed elementor-section-height-default elementor-section-height-default\" data-id=\"6a66f97\" data-element_type=\"section\">\n\t\t\t\t\t\t<div class=\"elementor-container elementor-column-gap-default\">\n\t\t\t\t\t<div class=\"elementor-column elementor-col-100 elementor-top-column elementor-element elementor-element-a10f483\" data-id=\"a10f483\" data-element_type=\"column\">\n\t\t\t<div class=\"elementor-widget-wrap elementor-element-populated\">\n\t\t\t\t\t\t<div class=\"elementor-element elementor-element-ba0ae99 elementor-widget elementor-widget-text-editor\" data-id=\"ba0ae99\" data-element_type=\"widget\" data-widget_type=\"text-editor.default\">\n\t\t\t\t<div class=\"elementor-widget-container\">\n\t\t\t\t\t\t\t\t\t<a href=\"https:\/\/www.ste-tun-microbio.com\/wp-content\/uploads\/manuscrit-JFMV-Final-2.pdf\" class=\"pdfemb-viewer\" style=\"\" data-width=\"max\" data-height=\"max\" data-toolbar=\"bottom\" data-toolbar-fixed=\"off\">manuscrit JFMV Final<\/a>\t\t\t\t\t\t\t\t<\/div>\n\t\t\t\t<\/div>\n\t\t\t\t\t<\/div>\n\t\t<\/div>\n\t\t\t\t\t<\/div>\n\t\t<\/section>\n\t\t\t\t<\/div>\n\t\t","protected":false},"excerpt":{"rendered":"<p>Liste des r\u00e9sum\u00e9s des 3\u00e8mes Journ\u00e9es Franco-Maghr\u00e9bines de Virologie<\/p>\n","protected":false},"author":1,"featured_media":0,"parent":0,"menu_order":0,"comment_status":"closed","ping_status":"closed","template":"","meta":{"footnotes":""},"class_list":["post-958","page","type-page","status-publish","hentry"],"_links":{"self":[{"href":"https:\/\/www.ste-tun-microbio.com\/index.php\/wp-json\/wp\/v2\/pages\/958","targetHints":{"allow":["GET"]}}],"collection":[{"href":"https:\/\/www.ste-tun-microbio.com\/index.php\/wp-json\/wp\/v2\/pages"}],"about":[{"href":"https:\/\/www.ste-tun-microbio.com\/index.php\/wp-json\/wp\/v2\/types\/page"}],"author":[{"embeddable":true,"href":"https:\/\/www.ste-tun-microbio.com\/index.php\/wp-json\/wp\/v2\/users\/1"}],"replies":[{"embeddable":true,"href":"https:\/\/www.ste-tun-microbio.com\/index.php\/wp-json\/wp\/v2\/comments?post=958"}],"version-history":[{"count":92,"href":"https:\/\/www.ste-tun-microbio.com\/index.php\/wp-json\/wp\/v2\/pages\/958\/revisions"}],"predecessor-version":[{"id":2797,"href":"https:\/\/www.ste-tun-microbio.com\/index.php\/wp-json\/wp\/v2\/pages\/958\/revisions\/2797"}],"wp:attachment":[{"href":"https:\/\/www.ste-tun-microbio.com\/index.php\/wp-json\/wp\/v2\/media?parent=958"}],"curies":[{"name":"wp","href":"https:\/\/api.w.org\/{rel}","templated":true}]}}